{"id":14,"date":"2016-12-02T16:36:25","date_gmt":"2016-12-02T15:36:25","guid":{"rendered":"\/?page_id=14"},"modified":"2024-01-09T12:48:56","modified_gmt":"2024-01-09T11:48:56","slug":"impressum","status":"publish","type":"page","link":"\/","title":{"rendered":""},"content":{"rendered":"\n<h2 class=\"wp-block-heading\">Bitte beachten Sie:<\/h2>\n\n\n\n<p>Wir befinden uns w\u00e4hrend folgender Zeiten in Betriebsferien.<\/p>\n\n\n\n<ul class=\"wp-block-list\">\n<li>20.11.2023 bis 19.03.2024<\/li>\n\n\n\n<li>20.04.2024 bis 19.08.2024<\/li>\n\n\n\n<li>20.09.2024 bis 19.01.2025<\/li>\n<\/ul>\n\n\n\n<p>Gerne k\u00f6nnen Sie jedoch etwaige Arbeiten via E-Mail ank\u00fcndigen und wir versuchen diese anschlie\u00dfend zeitnah zu bearbeiten.<\/p>\n\n\n\n<h2 class=\"wp-block-heading\">Impressum<\/h2>\n\n\n<p><strong>Betreiber:<\/strong><br \/>\nTwentyfour Amps GmbH<br \/>\nB\u00fcrgermeister-Grichter-Stra\u00dfe 5<br \/>\n82216 Maisach<\/p>\n<p><strong>Gesch\u00e4ftszeiten:<\/strong> 09:00 &#8211; 18:00 Uhr (Notfallhotline 24 Stunden)<\/p>\n<p><strong>USt.-ID-Nr:<\/strong> DE293190529<br \/>\n(Umsatzsteuer-Identifikationsnummer gem\u00e4\u00df \u00a7 27 a Umsatzsteuergesetz)<\/p>\n<p><strong>Verantwortlicher:<\/strong><br \/>\n(Inhaltlich Verantwortlicher gem\u00e4\u00df \u00a7 55 Abs. 2 RStV)<br \/>\nMichael Verges<br \/>\nB\u00fcrgermeister-Grichter-Stra\u00dfe 5<br \/>\n82216 Maisach<\/p>\n<p><strong>Vertretungsberechtigte Gesch\u00e4ftsf\u00fchrer:<\/strong> Michael Verges<\/p>\n<p><strong>E-Mail:<\/strong><br \/>\nFragen: <a href=\"mailto:info@twentyfouramps.de\">info@twentyfouramps.de<\/a><br \/>\nBuchhaltung: <a href=\"mailto:billing@twentyfouramps.de\">billing@twentyfouramps.de<\/a><\/p>\n<p><strong>Handelsregister:<\/strong><br \/>\nAmtsgericht M\u00fcnchen (Registergericht)<\/p>\n<p><strong>Registernummer:<\/strong><br \/>\nHRB: 209673<\/p>\n<p><strong>Gerichtsstand:<\/strong><br \/>\nM\u00fcnchen<\/p>\n<p><strong>Telefon:<\/strong><br \/>\n<a href=\"tel:004917656755655\">+49 (0)176 56755655 (Mobil)<\/a><\/p>\n<p><strong>Bank:<\/strong><br \/>\nEmpf\u00e4nger: Twentyfour Amps GmbH<br \/>\nBankinstitut: WISE<br \/>\nIBAN: BE51 9674 7606 6262<br \/>\nSWIFT-\/BIC-Code: TRWIBEB1XXX<\/p>\n<p><strong>Haftungshinweis:<\/strong> Trotz sorgf\u00e4ltiger inhaltlicher Kontrolle \u00fcbernehmen wir keine Haftung f\u00fcr die Inhalte externer Links. F\u00fcr den Inhalt der verlinkten Seiten sind ausschlie\u00dflich deren Betreiber verantwortlich.<\/p>\n\n\n<p><\/p>\n","protected":false},"excerpt":{"rendered":"<p>Bitte beachten Sie: Wir befinden uns w\u00e4hrend folgender Zeiten in Betriebsferien. Gerne k\u00f6nnen Sie jedoch etwaige Arbeiten via E-Mail ank\u00fcndigen und wir versuchen diese anschlie\u00dfend<\/p>\n","protected":false},"author":3,"featured_media":0,"parent":0,"menu_order":0,"comment_status":"closed","ping_status":"closed","template":"template-fullwidth.php","meta":{"footnotes":""},"class_list":["post-14","page","type-page","status-publish","hentry"],"_links":{"self":[{"href":"\/index.php?rest_route=\/wp\/v2\/pages\/14","targetHints":{"allow":["GET"]}}],"collection":[{"href":"\/index.php?rest_route=\/wp\/v2\/pages"}],"about":[{"href":"\/index.php?rest_route=\/wp\/v2\/types\/page"}],"author":[{"embeddable":true,"href":"\/index.php?rest_route=\/wp\/v2\/users\/3"}],"replies":[{"embeddable":true,"href":"\/index.php?rest_route=%2Fwp%2Fv2%2Fcomments&post=14"}],"version-history":[{"count":8,"href":"\/index.php?rest_route=\/wp\/v2\/pages\/14\/revisions"}],"predecessor-version":[{"id":46,"href":"\/index.php?rest_route=\/wp\/v2\/pages\/14\/revisions\/46"}],"wp:attachment":[{"href":"\/index.php?rest_route=%2Fwp%2Fv2%2Fmedia&parent=14"}],"curies":[{"name":"wp","href":"https:\/\/api.w.org\/{rel}","templated":true}]}}